{"id":267,"date":"2023-11-16T21:04:01","date_gmt":"2023-11-17T00:04:01","guid":{"rendered":"https:\/\/ecovilacoracaodamata.com\/?page_id=267"},"modified":"2024-06-13T10:46:54","modified_gmt":"2024-06-13T13:46:54","slug":"sobre","status":"publish","type":"page","link":"https:\/\/ecovilacoracaodamata.com\/en\/sobre\/","title":{"rendered":"Ecovila Cora\u00e7\u00e3o da Mata &#8211; Sobre"},"content":{"rendered":"<div data-elementor-type=\"wp-page\" data-elementor-id=\"267\" class=\"elementor elementor-267\" data-elementor-settings=\"{&quot;ha_cmc_init_switcher&quot;:&quot;no&quot;}\" data-elementor-post-type=\"page\">\n\t\t\t\t<div class=\"elementor-element elementor-element-1fd0491 e-flex e-con-boxed e-con e-parent\" data-id=\"1fd0491\" data-element_type=\"container\" data-settings=\"{&quot;jet_parallax_layout_list&quot;:[],&quot;_ha_eqh_enable&quot;:false}\">\n\t\t\t\t\t<div class=\"e-con-inner\">\n\t\t\t\t<div class=\"elementor-element elementor-element-5235d7a exad-sticky-section-no exad-glass-effect-no elementor-widget elementor-widget-heading\" data-id=\"5235d7a\" data-element_type=\"widget\" data-widget_type=\"heading.default\">\n\t\t\t\t\t<h2 class=\"elementor-heading-title elementor-size-default\">Our story<\/h2>\t\t\t\t<\/div>\n\t\t\t\t<div class=\"elementor-element elementor-element-479ca9e elementor-hidden-desktop exad-sticky-section-no exad-glass-effect-no elementor-widget elementor-widget-gallery\" data-id=\"479ca9e\" data-element_type=\"widget\" data-settings=\"{&quot;columns_mobile&quot;:2,&quot;image_hover_animation&quot;:&quot;shrink-contained&quot;,&quot;columns&quot;:2,&quot;aspect_ratio&quot;:&quot;16:9&quot;,&quot;content_sequenced_animation&quot;:&quot;yes&quot;,&quot;gallery_layout&quot;:&quot;grid&quot;,&quot;columns_tablet&quot;:2,&quot;gap&quot;:{&quot;unit&quot;:&quot;px&quot;,&quot;size&quot;:10,&quot;sizes&quot;:[]},&quot;gap_tablet&quot;:{&quot;unit&quot;:&quot;px&quot;,&quot;size&quot;:10,&quot;sizes&quot;:[]},&quot;gap_mobile&quot;:{&quot;unit&quot;:&quot;px&quot;,&quot;size&quot;:10,&quot;sizes&quot;:[]},&quot;content_hover_animation&quot;:&quot;fade-in&quot;}\" data-widget_type=\"gallery.default\">\n\t\t\t\t\t\t\t<div class=\"elementor-gallery__container\">\n\t\t\t\t\t\t\t<div class=\"e-gallery-item elementor-gallery-item elementor-animated-content\">\n\t\t\t\t\t<div class=\"e-gallery-image elementor-gallery-item__image\" data-thumbnail=\"https:\/\/ecovilacoracaodamata.com\/wp-content\/uploads\/2024\/05\/20230405_113521-300x225.jpg\" data-width=\"300\" data-height=\"225\" aria-label=\"Ecovila Cora\u00e7\u00e3o da Mata - Anfitri\u00f5es\" role=\"img\" ><\/div>\n\t\t\t\t\t\t\t\t\t\t\t\t\t\t<\/div>\n\t\t\t\t\t\t\t<div class=\"e-gallery-item elementor-gallery-item elementor-animated-content\">\n\t\t\t\t\t<div class=\"e-gallery-image elementor-gallery-item__image\" data-thumbnail=\"https:\/\/ecovilacoracaodamata.com\/wp-content\/uploads\/2023\/10\/Eco-253x300.png\" data-width=\"253\" data-height=\"300\" aria-label=\"ecovila cora\u00e7\u00e3o da mata\" role=\"img\" ><\/div>\n\t\t\t\t\t\t\t\t\t\t\t\t\t\t<\/div>\n\t\t\t\t\t<\/div>\n\t\t\t\t\t<\/div>\n\t\t\t\t<div class=\"elementor-element elementor-element-d3d9f0c elementor-widget__width-initial elementor-widget-mobile__width-initial exad-sticky-section-no exad-glass-effect-no elementor-widget elementor-widget-text-editor\" data-id=\"d3d9f0c\" data-element_type=\"widget\" data-widget_type=\"text-editor.default\">\n\t\t\t\t\t\t\t\t\t<p><span style=\"font-weight: 400;\">The Ecovillage emerged as a need to escape the turmoil of the city and the lack of care for the environment in which we live. It is possible to have a comfortable, healthy life and in harmony with all the beings that surround us. <\/span><\/p><p><span style=\"font-weight: 400;\">So, we decided to open this lifestyle to people who are looking for spaces like this, or people who are open to discovering this lifestyle.<\/span><\/p><p><span style=\"font-weight: 400;\">There is no greater happiness than taking care of animals and realizing the affection they give you in return, eating food without pesticides and noticing your body thanking you, eating without meat and realizing that it is possible to obtain nutrition and flavor, taking a shower knowing that the water it will be reused to water the plants, turn on the lights knowing that the energy comes from the sun and be able to watch the stars and sleep with the sound of nature lulling you to sleep.<\/span><\/p><p><span style=\"font-weight: 400;\">Everyone can live like this, come and find out how.<\/span><\/p><p><span style=\"font-weight: 400;\">The Ecovila is not an ordinary inn, it is a life project to be shared! It is a space for nature lovers to connect, rest, learn and share. The goal is to be 100% sustainable and an example of how to live in harmony with the environment.<\/span><\/p><p><span style=\"font-weight: 400;\">The chalets are cozy and have a kitchen for those who want to cook using vegetables harvested from the agroecological garden.<\/span><\/p><p><span style=\"font-weight: 400;\">If you don't want to cook or want a different experience, ask for the Breakfast Basket, which can be taken anywhere in the Ecovillage or schedule lunch with us.<\/span><\/p><p><span style=\"font-weight: 400;\"> All our meals are hearty, freshly made, VEGETARIAN and using organic products grown here and in the region.<\/span><\/p><p><span style=\"font-weight: 400;\"> If you are vegan or have any dietary restrictions, please let us know in advance and we will be happy to adapt our menu for you.<\/span><\/p><p><span style=\"font-weight: 400;\">In the evening, we suggest trying some of the many wonderful restaurants around us, or if you prefer to rest and enjoy the chalet, we have meat-free frozen options, such as zucchini lasagna, vegetable pie, chickpea pie with ricotta, pie country cheese, cheese bread among other options that may vary.<\/span><\/p><p><span style=\"font-weight: 400;\">The Ecovillage also has a small stream and a spring in the middle of the forest, passing through trails around the 50 thousand square meters in which we are located.<\/span><\/p><p><span style=\"font-weight: 400;\">Visit the chicken coop, the vegetable garden and the newly planted agroforest. Work out on the official-sized Beach Tennis and Beach Volleyball court, ping pong table and outdoor gym. Rest in the hammocks, warm up by the fire on cold days and sunbathe and cool off in the natural water pool on hot days.<\/span><\/p><p><span style=\"font-weight: 400;\">\u00a0<\/span><span style=\"font-weight: 400;\">The Ecovillage is located on Encosta da Serra da Moeda. This place is blessed and has a little something for everyone. <\/span><\/p><p><span style=\"font-weight: 400;\">You can get to know Piedade do Paraopeba and its history, go cycling, walking and motorbike trails in the region, various experiences with C\u00e9u de Montanhas, visit Inhotim, the largest open-air museum in the world, have dinner with a view of Topo do World, eat in different restaurants and bars, bathe in waterfalls or simply rest in inns.<\/span><\/p><p><span style=\"font-weight: 400;\">Na Ecovila Cora\u00e7\u00e3o da Mata tamb\u00e9m oferecemos cursos nas \u00e1reas de ecologia, meio-ambiente, autoconhecimento e Yoga. Ainda existe o Espa\u00e7o das Artes, um centro cultural na Ecovila que recebe apresenta\u00e7\u00f5es art\u00edsticas.<\/span><\/p>\t\t\t\t\t\t\t\t<\/div>\n\t\t\t\t<div class=\"elementor-element elementor-element-7538a28 exad-sticky-section-no exad-glass-effect-no elementor-widget elementor-widget-heading\" data-id=\"7538a28\" data-element_type=\"widget\" data-widget_type=\"heading.default\">\n\t\t\t\t\t<h2 class=\"elementor-heading-title elementor-size-default\">It will be a pleasure to be your hosts!<\/h2>\t\t\t\t<\/div>\n\t\t\t\t<div class=\"elementor-element elementor-element-116b62f exad-sticky-section-no exad-glass-effect-no elementor-widget elementor-widget-text-editor\" data-id=\"116b62f\" data-element_type=\"widget\" data-widget_type=\"text-editor.default\">\n\t\t\t\t\t\t\t\t\t<p><span style=\"font-weight: 400;\">My name is B\u00e1rbara, I am a dancer trained at CEFART \u2013 Pal\u00e1cio das Artes and I danced professionally in the contemporary dance collective \u201cTrama\u201d for seven years.<\/span><\/p><p class=\"translation-block\"><span style=\"font-weight: 400\">I am a PhD researcher in Biomechanics and I carry out research and training work for dancers in my company \u201cBastidores \u2013 Dan\u00e7a, Pesquisa e Training\u201d. <\/span><span style=\"font-weight: 400\">I also research the influence of female hormones on the body and mind and how to deal with them in a more natural way.<\/span><\/p><p class=\"translation-block\"><span style=\"font-weight: 400\">Chris (my husband) is a Talent Recruiter and works remotely for a company based in London. <\/span> <span style=\"font-weight: 400\"> In addition, he has a degree in Economics and Environmental Management <\/span>.<\/p><p class=\"translation-block\"><span style=\"font-weight: 400\">I'm Brazilian and he's Irish, we met on a train traveling between Manchester and London over cheese bread. <\/span><span style=\"font-weight: 400\">We already lived on a boat on the canals in London and got married at a distance because of the pandemic.<\/span><\/p><p class=\"translation-block\"><span style=\"font-weight: 400\">Chris was already vegetarian while I had already reduced my consumption, since we met I have never eaten meat again. Now, we are building j<\/span><span style=\"font-weight: 400\">together the Ecovila Cora\u00e7\u00e3o da Mata and the dream of living in harmony with the environment wrapped in art and based on the philosophy of Yoga.\u00a0\u00a0 <\/span><\/p>\t\t\t\t\t\t\t\t<\/div>\n\t\t\t\t\t<\/div>\n\t\t\t\t<\/div>\n\t\t\t\t<\/div>","protected":false},"excerpt":{"rendered":"<p>Nossa Hist\u00f3ria A Ecovila surgiu como uma necessidade de fugir do turbilh\u00e3o da cidade e da falta de cuidado com o meio-ambiente em que vivemos. \u00c9 poss\u00edvel ter uma vida confort\u00e1vel, saud\u00e1vel e em harmonia com todos os seres que nos cercam. Ent\u00e3o, resolvermos abrir esse estilo de vida para pessoas que buscam espa\u00e7os como [&hellip;]<\/p>","protected":false},"author":1,"featured_media":0,"parent":0,"menu_order":0,"comment_status":"closed","ping_status":"closed","template":"elementor_header_footer","meta":{"om_disable_all_campaigns":false,"_monsterinsights_skip_tracking":false,"_monsterinsights_sitenote_active":false,"_monsterinsights_sitenote_note":"","_monsterinsights_sitenote_category":0,"_joinchat":[],"footnotes":""},"class_list":["post-267","page","type-page","status-publish","hentry"],"blocksy_meta":[],"_links":{"self":[{"href":"https:\/\/ecovilacoracaodamata.com\/en\/wp-json\/wp\/v2\/pages\/267","targetHints":{"allow":["GET"]}}],"collection":[{"href":"https:\/\/ecovilacoracaodamata.com\/en\/wp-json\/wp\/v2\/pages"}],"about":[{"href":"https:\/\/ecovilacoracaodamata.com\/en\/wp-json\/wp\/v2\/types\/page"}],"author":[{"embeddable":true,"href":"https:\/\/ecovilacoracaodamata.com\/en\/wp-json\/wp\/v2\/users\/1"}],"replies":[{"embeddable":true,"href":"https:\/\/ecovilacoracaodamata.com\/en\/wp-json\/wp\/v2\/comments?post=267"}],"version-history":[{"count":106,"href":"https:\/\/ecovilacoracaodamata.com\/en\/wp-json\/wp\/v2\/pages\/267\/revisions"}],"predecessor-version":[{"id":1006,"href":"https:\/\/ecovilacoracaodamata.com\/en\/wp-json\/wp\/v2\/pages\/267\/revisions\/1006"}],"wp:attachment":[{"href":"https:\/\/ecovilacoracaodamata.com\/en\/wp-json\/wp\/v2\/media?parent=267"}],"curies":[{"name":"wp","href":"https:\/\/api.w.org\/{rel}","templated":true}]}}