{"id":484,"date":"2023-11-22T14:19:44","date_gmt":"2023-11-22T17:19:44","guid":{"rendered":"https:\/\/ecovilacoracaodamata.com\/?page_id=484"},"modified":"2024-06-13T10:44:20","modified_gmt":"2024-06-13T13:44:20","slug":"casamentos","status":"publish","type":"page","link":"https:\/\/ecovilacoracaodamata.com\/en\/casamentos\/","title":{"rendered":"Ecovila Cora\u00e7\u00e3o da Mata &#8211; Casamentos"},"content":{"rendered":"<div data-elementor-type=\"wp-page\" data-elementor-id=\"484\" class=\"elementor elementor-484\" data-elementor-settings=\"{&quot;ha_cmc_init_switcher&quot;:&quot;no&quot;}\" data-elementor-post-type=\"page\">\n\t\t\t\t<div class=\"elementor-element elementor-element-7ad4500 e-flex e-con-boxed e-con e-parent\" data-id=\"7ad4500\" data-element_type=\"container\" data-settings=\"{&quot;jet_parallax_layout_list&quot;:[],&quot;_ha_eqh_enable&quot;:false}\">\n\t\t\t\t\t<div class=\"e-con-inner\">\n\t\t\t\t<div class=\"elementor-element elementor-element-89a97ac exad-sticky-section-no exad-glass-effect-no elementor-widget elementor-widget-spacer\" data-id=\"89a97ac\" data-element_type=\"widget\" data-widget_type=\"spacer.default\">\n\t\t\t\t\t\t\t<div class=\"elementor-spacer\">\n\t\t\t<div class=\"elementor-spacer-inner\"><\/div>\n\t\t<\/div>\n\t\t\t\t\t\t<\/div>\n\t\t\t\t<div class=\"elementor-element elementor-element-8c98406 elementor-hidden-desktop elementor-arrows-position-inside exad-sticky-section-no exad-glass-effect-no elementor-widget elementor-widget-image-carousel\" data-id=\"8c98406\" data-element_type=\"widget\" data-settings=\"{&quot;navigation&quot;:&quot;arrows&quot;,&quot;autoplay&quot;:&quot;yes&quot;,&quot;pause_on_hover&quot;:&quot;yes&quot;,&quot;pause_on_interaction&quot;:&quot;yes&quot;,&quot;autoplay_speed&quot;:5000,&quot;infinite&quot;:&quot;yes&quot;,&quot;speed&quot;:500}\" data-widget_type=\"image-carousel.default\">\n\t\t\t\t\t\t\t<div class=\"elementor-image-carousel-wrapper swiper\" role=\"region\" aria-roledescription=\"carousel\" aria-label=\"Image Carousel\" dir=\"ltr\">\n\t\t\t<div class=\"elementor-image-carousel swiper-wrapper\" aria-live=\"off\">\n\t\t\t\t\t\t\t\t<div class=\"swiper-slide\" role=\"group\" aria-roledescription=\"slide\" aria-label=\"1 of 7\" data-no-translation-aria-label=\"\"><figure class=\"swiper-slide-inner\"><img decoding=\"async\" class=\"swiper-slide-image\" src=\"https:\/\/ecovilacoracaodamata.com\/wp-content\/uploads\/elementor\/thumbs\/EcoVillaCoracaoDaMata_20-1-qol78isgoer9yoxd78fkyedol9eaq3tqyel4rh0rw0.jpg\" alt=\"EcoVillaCoracaoDaMata_20\" title=\"\"><\/figure><\/div><div class=\"swiper-slide\" role=\"group\" aria-roledescription=\"slide\" aria-label=\"2 of 7\" data-no-translation-aria-label=\"\"><figure class=\"swiper-slide-inner\"><img decoding=\"async\" class=\"swiper-slide-image\" src=\"https:\/\/ecovilacoracaodamata.com\/wp-content\/uploads\/elementor\/thumbs\/EcoVillaCoracaoDaMata_17-qol788g8l8d4ezcdvlyooyzm20t9dfop8zeshfg3sg.jpg\" alt=\"EcoVillaCoracaoDaMata_17\" title=\"\"><\/figure><\/div><div class=\"swiper-slide\" role=\"group\" aria-roledescription=\"slide\" aria-label=\"3 of 7\" data-no-translation-aria-label=\"\"><figure class=\"swiper-slide-inner\"><img decoding=\"async\" class=\"swiper-slide-image\" src=\"https:\/\/ecovilacoracaodamata.com\/wp-content\/uploads\/elementor\/thumbs\/EcoVillaCoracaoDaMata_34-qolqw3qpendtr94hf397xudaz9td3kvlklzma3vrxs.jpg\" alt=\"EcoVillaCoracaoDaMata_34\" title=\"\"><\/figure><\/div><div class=\"swiper-slide\" role=\"group\" aria-roledescription=\"slide\" aria-label=\"4 of 7\" data-no-translation-aria-label=\"\"><figure class=\"swiper-slide-inner\"><img decoding=\"async\" class=\"swiper-slide-image\" src=\"https:\/\/ecovilacoracaodamata.com\/wp-content\/uploads\/elementor\/thumbs\/EcoVillaCoracaoDaMata_43-qoi0slcv98vw43cpovemmjrmz601pozting8jboieo.jpg\" alt=\"EcoVillaCoracaoDaMata_43\" title=\"\"><\/figure><\/div><div class=\"swiper-slide\" role=\"group\" aria-roledescription=\"slide\" aria-label=\"5 of 7\" data-no-translation-aria-label=\"\"><figure class=\"swiper-slide-inner\"><img decoding=\"async\" class=\"swiper-slide-image\" src=\"https:\/\/ecovilacoracaodamata.com\/wp-content\/uploads\/elementor\/thumbs\/EcoVillaCoracaoDaMata_44-qoi0sp480l11ej792x14withcphikheqv626gfixps.jpg\" alt=\"EcoVillaCoracaoDaMata_44\" title=\"\"><\/figure><\/div><div class=\"swiper-slide\" role=\"group\" aria-roledescription=\"slide\" aria-label=\"6 of 7\" data-no-translation-aria-label=\"\"><figure class=\"swiper-slide-inner\"><img decoding=\"async\" class=\"swiper-slide-image\" src=\"https:\/\/ecovilacoracaodamata.com\/wp-content\/uploads\/elementor\/thumbs\/EcoVillaCoracaoDaMata_42-qoi0sgnob2pgi1jjgbdhs2yc08n7n7h5u06t4xvh9s.jpg\" alt=\"EcoVillaCoracaoDaMata_42\" title=\"\"><\/figure><\/div><div class=\"swiper-slide\" role=\"group\" aria-roledescription=\"slide\" aria-label=\"7 of 7\" data-no-translation-aria-label=\"\"><figure class=\"swiper-slide-inner\"><img decoding=\"async\" class=\"swiper-slide-image\" src=\"https:\/\/ecovilacoracaodamata.com\/wp-content\/uploads\/elementor\/thumbs\/EcoVillaCoracaoDaMata_37-qoi0rs7vdds046j1f0t6z94ck7zo32s52n86nqvprk.jpg\" alt=\"Ecovila Cora\u00e7\u00e3o da Mata - Chal\u00e9s\" title=\"\"><\/figure><\/div>\t\t\t<\/div>\n\t\t\t\t\t\t\t\t\t\t\t\t<div class=\"elementor-swiper-button elementor-swiper-button-prev\" role=\"button\" tabindex=\"0\">\n\t\t\t\t\t\t<svg aria-hidden=\"true\" class=\"e-font-icon-svg e-eicon-chevron-left\" viewbox=\"0 0 1000 1000\" xmlns=\"http:\/\/www.w3.org\/2000\/svg\"><path d=\"M646 125C629 125 613 133 604 142L308 442C296 454 292 471 292 487 292 504 296 521 308 533L604 854C617 867 629 875 646 875 663 875 679 871 692 858 704 846 713 829 713 812 713 796 708 779 692 767L438 487 692 225C700 217 708 204 708 187 708 171 704 154 692 142 675 129 663 125 646 125Z\"><\/path><\/svg>\t\t\t\t\t<\/div>\n\t\t\t\t\t<div class=\"elementor-swiper-button elementor-swiper-button-next\" role=\"button\" tabindex=\"0\">\n\t\t\t\t\t\t<svg aria-hidden=\"true\" class=\"e-font-icon-svg e-eicon-chevron-right\" viewbox=\"0 0 1000 1000\" xmlns=\"http:\/\/www.w3.org\/2000\/svg\"><path d=\"M696 533C708 521 713 504 713 487 713 471 708 454 696 446L400 146C388 133 375 125 354 125 338 125 325 129 313 142 300 154 292 171 292 187 292 204 296 221 308 233L563 492 304 771C292 783 288 800 288 817 288 833 296 850 308 863 321 871 338 875 354 875 371 875 388 867 400 854L696 533Z\"><\/path><\/svg>\t\t\t\t\t<\/div>\n\t\t\t\t\n\t\t\t\t\t\t\t\t\t<\/div>\n\t\t\t\t\t\t<\/div>\n\t\t\t\t<div class=\"elementor-element elementor-element-13a67df pp-image-accordion-stack-on-none elementor-hidden-tablet elementor-hidden-mobile pp-image-accordion-orientation-vertical exad-sticky-section-no exad-glass-effect-no elementor-widget elementor-widget-pp-image-accordion\" data-id=\"13a67df\" data-element_type=\"widget\" data-settings=\"{&quot;stack_on&quot;:&quot;none&quot;,&quot;accordion_action&quot;:&quot;on-click&quot;,&quot;disable_body_click&quot;:&quot;yes&quot;,&quot;orientation&quot;:&quot;vertical&quot;}\" data-widget_type=\"pp-image-accordion.default\">\n\t\t\t\t<div class=\"elementor-widget-container\">\n\t\t\t\t\t\t\t\t<div class=\"pp-image-accordion pp-image-accordion-on-click\" id=\"pp-image-accordion-13a67df\">\n\t\t\t\t\t\t\t\t\t\t\t\t\t\t<div class=\"pp-image-accordion-item elementor-repeater-item-c2108c9\" style=\"background-image: url(https:\/\/ecovilacoracaodamata.com\/wp-content\/uploads\/2024\/05\/EcoVillaCoracaoDaMata_20-1.jpg);\">\n\t\t\t\t\t\t<div class=\"pp-image-accordion-overlay pp-media-overlay\">\n\t\t\t\t\t\t\t<div class=\"pp-image-accordion-content-wrap\">\n\t\t\t\t\t\t\t\t<div class=\"pp-image-accordion-content\">\n\t\t\t\t\t\t\t\t\t\t\t\t\t\t\t\t\t\t<h2 class=\"pp-image-accordion-title\">\n\t\t\t\t\t\t\t\t\t\t\t\t\t\t\t\t\t\t\t<\/h2>\n\t\t\t\t\t\t\t\t\t<div class=\"pp-image-accordion-description\">\n\t\t\t\t\t\t\t\t\t\t\t\t\t\t\t\t\t\t\t<\/div>\n\t\t\t\t\t\t\t\t<\/div>\n\t\t\t\t\t\t\t\t\t\t\t\t\t\t\t<\/div>\n\t\t\t\t\t\t<\/div>\n\t\t\t\t\t<\/div>\n\t\t\t\t\t\t\t\t\t\t\t\t\t\t<div class=\"pp-image-accordion-item elementor-repeater-item-6c92f97\" style=\"background-image: url(https:\/\/ecovilacoracaodamata.com\/wp-content\/uploads\/2023\/10\/Eco.png);\">\n\t\t\t\t\t\t<div class=\"pp-image-accordion-overlay pp-media-overlay\">\n\t\t\t\t\t\t\t<div class=\"pp-image-accordion-content-wrap\">\n\t\t\t\t\t\t\t\t<div class=\"pp-image-accordion-content\">\n\t\t\t\t\t\t\t\t\t\t\t\t\t\t\t\t\t\t<h2 class=\"pp-image-accordion-title\">\n\t\t\t\t\t\t\t\t\t\t\t\t\t\t\t\t\t\t\t<\/h2>\n\t\t\t\t\t\t\t\t\t<div class=\"pp-image-accordion-description\">\n\t\t\t\t\t\t\t\t\t\t\t\t\t\t\t\t\t\t\t<\/div>\n\t\t\t\t\t\t\t\t<\/div>\n\t\t\t\t\t\t\t\t\t\t\t\t\t\t\t<\/div>\n\t\t\t\t\t\t<\/div>\n\t\t\t\t\t<\/div>\n\t\t\t\t\t\t\t\t\t\t\t\t\t\t<div class=\"pp-image-accordion-item elementor-repeater-item-160d8b7\" style=\"background-image: url(https:\/\/ecovilacoracaodamata.com\/wp-content\/uploads\/2024\/05\/EcoVillaCoracaoDaMata_34.jpg);\">\n\t\t\t\t\t\t<div class=\"pp-image-accordion-overlay pp-media-overlay\">\n\t\t\t\t\t\t\t<div class=\"pp-image-accordion-content-wrap\">\n\t\t\t\t\t\t\t\t<div class=\"pp-image-accordion-content\">\n\t\t\t\t\t\t\t\t\t\t\t\t\t\t\t\t\t\t<h2 class=\"pp-image-accordion-title\">\n\t\t\t\t\t\t\t\t\t\t\t\t\t\t\t\t\t\t\t<\/h2>\n\t\t\t\t\t\t\t\t\t<div class=\"pp-image-accordion-description\">\n\t\t\t\t\t\t\t\t\t\t\t\t\t\t\t\t\t\t\t<\/div>\n\t\t\t\t\t\t\t\t<\/div>\n\t\t\t\t\t\t\t\t\t\t\t\t\t\t\t<\/div>\n\t\t\t\t\t\t<\/div>\n\t\t\t\t\t<\/div>\n\t\t\t\t\t\t\t\t\t\t\t\t\t\t<div class=\"pp-image-accordion-item elementor-repeater-item-db13e74\" style=\"background-image: url(https:\/\/ecovilacoracaodamata.com\/wp-content\/uploads\/2024\/05\/EcoVillaCoracaoDaMata_44.jpg);\">\n\t\t\t\t\t\t<div class=\"pp-image-accordion-overlay pp-media-overlay\">\n\t\t\t\t\t\t\t<div class=\"pp-image-accordion-content-wrap\">\n\t\t\t\t\t\t\t\t<div class=\"pp-image-accordion-content\">\n\t\t\t\t\t\t\t\t\t\t\t\t\t\t\t\t\t\t<h2 class=\"pp-image-accordion-title\">\n\t\t\t\t\t\t\t\t\t\t\t\t\t\t\t\t\t\t\t<\/h2>\n\t\t\t\t\t\t\t\t\t<div class=\"pp-image-accordion-description\">\n\t\t\t\t\t\t\t\t\t\t\t\t\t\t\t\t\t\t\t<\/div>\n\t\t\t\t\t\t\t\t<\/div>\n\t\t\t\t\t\t\t\t\t\t\t\t\t\t\t<\/div>\n\t\t\t\t\t\t<\/div>\n\t\t\t\t\t<\/div>\n\t\t\t\t\t\t\t\t\t\t\t\t\t\t<div class=\"pp-image-accordion-item elementor-repeater-item-d1620dd\" style=\"background-image: url(https:\/\/ecovilacoracaodamata.com\/wp-content\/uploads\/2024\/05\/EcoVillaCoracaoDaMata_17.jpg);\">\n\t\t\t\t\t\t<div class=\"pp-image-accordion-overlay pp-media-overlay\">\n\t\t\t\t\t\t\t<div class=\"pp-image-accordion-content-wrap\">\n\t\t\t\t\t\t\t\t<div class=\"pp-image-accordion-content\">\n\t\t\t\t\t\t\t\t\t\t\t\t\t\t\t\t\t\t<h2 class=\"pp-image-accordion-title\">\n\t\t\t\t\t\t\t\t\t\t\t\t\t\t\t\t\t\t\t<\/h2>\n\t\t\t\t\t\t\t\t\t<div class=\"pp-image-accordion-description\">\n\t\t\t\t\t\t\t\t\t\t\t\t\t\t\t\t\t\t\t<\/div>\n\t\t\t\t\t\t\t\t<\/div>\n\t\t\t\t\t\t\t\t\t\t\t\t\t\t\t<\/div>\n\t\t\t\t\t\t<\/div>\n\t\t\t\t\t<\/div>\n\t\t\t\t\t\t\t<\/div>\n\t\t\t\t\t\t<\/div>\n\t\t\t\t<\/div>\n\t\t\t\t<div class=\"elementor-element elementor-element-75d1521 elementor-hidden-tablet elementor-hidden-mobile elementor-widget__width-auto exad-sticky-section-no exad-glass-effect-no elementor-widget elementor-widget-text-editor\" data-id=\"75d1521\" data-element_type=\"widget\" data-widget_type=\"text-editor.default\">\n\t\t\t\t\t\t\t\t\t<p>Discover the perfect destination to exchange vows and celebrate your love amidst the enchanting beauty of nature.<\/p><p class=\"translation-block\">Ecovila Cora\u00e7\u00e3o da Mata offers a <strong>unique and exclusive<\/strong> wedding experience that combines rustic charm, natural elegance and sustainable practices.<\/p><p class=\"translation-block\">Imagine saying \u201cyes\u201d surrounded by the lush landscapes of <strong>Brumadinho<\/strong>, with your loved ones gathered in our intimate Ecovillage.<\/p><p>Toda a nossa vila \u00e9 dedicada <strong>exclusivamente<\/strong> \u00e0 celebra\u00e7\u00e3o do seu casamento, garantindo privacidade e um ambiente intimista para voc\u00ea e seus convidados.<\/p><p>A vila inclui tr\u00eas charmosos chal\u00e9s \u2013 Azul, Laranja e Branco \u2013 que oferecem acomoda\u00e7\u00f5es confort\u00e1veis para seus entes queridos.<\/p><p>Choose from several breathtaking settings within the villa, each offering its own unique charm in our picturesque outdoor garden area.<\/p><p class=\"translation-block\">Whatever your vision, we <strong>work closely with you<\/strong> to create a magical setting that reflects your love story.<\/p><p>Immerse yourself in a charming welcome surrounded by the beauty of nature.<\/p><p class=\"translation-block\">Our Ecovillage has a <strong>spacious outdoor dining area<\/strong> and a charming rustic atmosphere that sets the stage for an unforgettable celebration.<\/p><p>Delicie-se com um <strong>banquete vegetariano e vegano<\/strong> preparado por nossos talentosos chefs, destacando ingredientes locais e sazonais.<\/p><p>Ofere\u00e7a aos seus convidados <strong>uma experi\u00eancia verdadeiramente memor\u00e1vel<\/strong> reservando nossos charmosos chal\u00e9s exclusivamente para sua festa de casamento.<\/p><p class=\"translation-block\">Each chalet has been carefully designed to provide <span style=\"text-decoration: underline\">comfort, tranquility and a touch of rustic luxury<\/span>.<\/p><p>The accommodations blend perfectly with the natural environment, ensuring a peaceful stay and an escape from routine.<\/p><p class=\"translation-block\">Embrace <strong>sustainable practices<\/strong> on your special day.<\/p><p>Our eco-village is powered by solar energy, providing an eco-friendly setting for your wedding party.<\/p><p class=\"translation-block\">From locally sourced cuisine to <span style=\"text-decoration: underline\">judicious waste management<\/span>, we strive to minimize our environmental impact and create a truly sustainable event.<\/p><p>Our dedicated team is committed to bringing your wedding vision to life.<\/p><p>Here your wedding will have these characteristics:<\/p><ul><li style=\"font-weight: 400;\" aria-level=\"1\"><span style=\"font-weight: 400;\">100% vegetarian buffet;<\/span><\/li><li style=\"font-weight: 400;\" aria-level=\"1\"><span style=\"font-weight: 400;\">Party with zero use of plastic (in decoration, souvenirs, etc.);<\/span><\/li><li style=\"font-weight: 400;\" aria-level=\"1\"><span style=\"font-weight: 400;\">\u00a0Personal cups to be reused and only washed when changing drinks;<\/span><\/li><li style=\"font-weight: 400;\" aria-level=\"1\"><span style=\"font-weight: 400;\">Useful souvenirs (ecobags) to actually be used in everyday life, avoiding waste;<\/span><\/li><li style=\"font-weight: 400;\" aria-level=\"1\"><span style=\"font-weight: 400;\">Sweets served without molds;<\/span><\/li><li style=\"font-weight: 400;\" aria-level=\"1\"><span style=\"font-weight: 400;\">Cigarette-free event;<\/span><\/li><li style=\"font-weight: 400;\" aria-level=\"1\"><span style=\"font-weight: 400;\">All waste generated at the event is sent for composting and recycling;<\/span><\/li><li style=\"font-weight: 400;\" aria-level=\"1\"><span style=\"font-weight: 400;\">Stationery (invitations and menus) made from handcrafted recycled paper;<\/span><\/li><li style=\"font-weight: 400;\" aria-level=\"1\"><span style=\"font-weight: 400;\">There is no rain of rice, but rather of pink peppercorns;<\/span><\/li><li style=\"font-weight: 400;\" aria-level=\"1\"><span style=\"font-weight: 400;\">Donation of decoration items to be reused in other weddings.<\/span><\/li><\/ul><p class=\"translation-block\">Make your dream wedding a reality: say \u201cyes\u201d surrounded by the natural beauty and sustainable serenity of <strong>Ecovila Cora\u00e7\u00e3o da Mata<\/strong>.<\/p><p>Contact us to start planning your unforgettable wedding celebration in this idyllic setting.<\/p>\t\t\t\t\t\t\t\t<\/div>\n\t\t\t\t<div class=\"elementor-element elementor-element-304be4b elementor-hidden-desktop elementor-widget-mobile__width-auto exad-sticky-section-no exad-glass-effect-no elementor-widget elementor-widget-text-editor\" data-id=\"304be4b\" data-element_type=\"widget\" data-widget_type=\"text-editor.default\">\n\t\t\t\t\t\t\t\t\t<p>Discover the perfect destination to exchange vows and celebrate your love amidst the enchanting beauty of nature.<\/p><p class=\"translation-block\">Ecovila Cora\u00e7\u00e3o da Mata offers a <strong>unique and exclusive<\/strong> wedding experience that combines rustic charm, natural elegance and sustainable practices.<\/p><p class=\"translation-block\">Imagine saying \u201cyes\u201d surrounded by the lush landscapes of <strong>Brumadinho<\/strong>, with your loved ones gathered in our intimate Ecovillage.<\/p><p>Toda a nossa vila \u00e9 dedicada <strong>exclusivamente<\/strong> \u00e0 celebra\u00e7\u00e3o do seu casamento, garantindo privacidade e um ambiente intimista para voc\u00ea e seus convidados.<\/p><p>A vila inclui tr\u00eas charmosos chal\u00e9s \u2013 Azul, Laranja e Branco \u2013 que oferecem acomoda\u00e7\u00f5es confort\u00e1veis para seus entes queridos.<\/p><p>Choose from several breathtaking settings within the villa, each offering its own unique charm in our picturesque outdoor garden area.<\/p><p class=\"translation-block\">Whatever your vision, we <strong>work closely with you<\/strong> to create a magical setting that reflects your love story.<\/p><p>Immerse yourself in a charming welcome surrounded by the beauty of nature.<\/p><p class=\"translation-block\">Our Ecovillage has a <strong>spacious outdoor dining area<\/strong> and a charming rustic atmosphere that sets the stage for an unforgettable celebration.<\/p><p>Delicie-se com um <strong>banquete vegetariano e vegano<\/strong> preparado por nossos talentosos chefs, destacando ingredientes locais e sazonais.<\/p><p>Ofere\u00e7a aos seus convidados <strong>uma experi\u00eancia verdadeiramente memor\u00e1vel<\/strong> reservando nossos charmosos chal\u00e9s exclusivamente para sua festa de casamento.<\/p><p class=\"translation-block\">Each chalet has been carefully designed to provide <span style=\"text-decoration: underline\">comfort, tranquility and a touch of rustic luxury<\/span>.<\/p><p>The accommodations blend perfectly with the natural environment, ensuring a peaceful stay and an escape from routine.<\/p><p class=\"translation-block\">Embrace <strong>sustainable practices<\/strong> on your special day.<\/p><p>Our eco-village is powered by solar energy, providing an eco-friendly setting for your wedding party.<\/p><p class=\"translation-block\">From locally sourced cuisine to <span style=\"text-decoration: underline\">judicious waste management<\/span>, we strive to minimize our environmental impact and create a truly sustainable event.<\/p><p>Our dedicated team is committed to bringing your wedding vision to life.<\/p><p>Here your wedding will have these characteristics:<\/p><ul><li style=\"font-weight: 400;\" aria-level=\"1\"><span style=\"font-weight: 400;\">100% vegetarian buffet;<\/span><\/li><li style=\"font-weight: 400;\" aria-level=\"1\"><span style=\"font-weight: 400;\">Party with zero use of plastic (in decoration, souvenirs, etc.);<\/span><\/li><li style=\"font-weight: 400;\" aria-level=\"1\"><span style=\"font-weight: 400;\">\u00a0Personal cups to be reused and only washed when changing drinks;<\/span><\/li><li style=\"font-weight: 400;\" aria-level=\"1\"><span style=\"font-weight: 400;\">Useful souvenirs (ecobags) to actually be used in everyday life, avoiding waste;<\/span><\/li><li style=\"font-weight: 400;\" aria-level=\"1\"><span style=\"font-weight: 400;\">Sweets served without molds;<\/span><\/li><li style=\"font-weight: 400;\" aria-level=\"1\"><span style=\"font-weight: 400;\">Cigarette-free event;<\/span><\/li><li style=\"font-weight: 400;\" aria-level=\"1\"><span style=\"font-weight: 400;\">All waste generated at the event is sent for composting and recycling;<\/span><\/li><li style=\"font-weight: 400;\" aria-level=\"1\"><span style=\"font-weight: 400;\">Stationery (invitations and menus) made from handcrafted recycled paper;<\/span><\/li><li style=\"font-weight: 400;\" aria-level=\"1\"><span style=\"font-weight: 400;\">There is no rain of rice, but rather of pink peppercorns;<\/span><\/li><li style=\"font-weight: 400;\" aria-level=\"1\"><span style=\"font-weight: 400;\">Donation of decoration items to be reused in other weddings.<\/span><\/li><\/ul><p class=\"translation-block\">Make your dream wedding a reality: say \u201cyes\u201d surrounded by the natural beauty and sustainable serenity of <strong>Ecovila Cora\u00e7\u00e3o da Mata<\/strong>.<\/p><p>Contact us to start planning your unforgettable wedding celebration in this idyllic setting.<\/p>\t\t\t\t\t\t\t\t<\/div>\n\t\t\t\t<div class=\"elementor-element elementor-element-f42bf21 exad-sticky-section-no exad-glass-effect-no elementor-widget elementor-widget-image\" data-id=\"f42bf21\" data-element_type=\"widget\" data-widget_type=\"image.default\">\n\t\t\t\t\t\t\t\t\t\t\t\t\t\t\t<img fetchpriority=\"high\" decoding=\"async\" width=\"1024\" height=\"684\" src=\"https:\/\/ecovilacoracaodamata.com\/wp-content\/uploads\/2024\/05\/EcoVillaCoracaoDaMata_22-1-1024x684.jpg\" class=\"attachment-large size-large wp-image-614\" alt=\"\" srcset=\"https:\/\/ecovilacoracaodamata.com\/wp-content\/uploads\/2024\/05\/EcoVillaCoracaoDaMata_22-1-1024x684.jpg 1024w, https:\/\/ecovilacoracaodamata.com\/wp-content\/uploads\/2024\/05\/EcoVillaCoracaoDaMata_22-1-300x200.jpg 300w, https:\/\/ecovilacoracaodamata.com\/wp-content\/uploads\/2024\/05\/EcoVillaCoracaoDaMata_22-1-768x513.jpg 768w, https:\/\/ecovilacoracaodamata.com\/wp-content\/uploads\/2024\/05\/EcoVillaCoracaoDaMata_22-1-1536x1025.jpg 1536w, https:\/\/ecovilacoracaodamata.com\/wp-content\/uploads\/2024\/05\/EcoVillaCoracaoDaMata_22-1-2048x1367.jpg 2048w, https:\/\/ecovilacoracaodamata.com\/wp-content\/uploads\/2024\/05\/EcoVillaCoracaoDaMata_22-1-18x12.jpg 18w\" sizes=\"(max-width: 1024px) 100vw, 1024px\" title=\"\">\t\t\t\t\t\t\t\t\t\t\t\t\t\t\t<\/div>\n\t\t\t\t<div class=\"elementor-element elementor-element-c086540 exad-sticky-section-no exad-glass-effect-no elementor-widget elementor-widget-spacer\" data-id=\"c086540\" data-element_type=\"widget\" data-widget_type=\"spacer.default\">\n\t\t\t\t\t\t\t<div class=\"elementor-spacer\">\n\t\t\t<div class=\"elementor-spacer-inner\"><\/div>\n\t\t<\/div>\n\t\t\t\t\t\t<\/div>\n\t\t\t\t\t<\/div>\n\t\t\t\t<\/div>\n\t\t\t\t<\/div>","protected":false},"excerpt":{"rendered":"<p>Descubra o destino perfeito para trocar votos e celebrar o seu amor em meio \u00e0 beleza encantadora da natureza. A Ecovila Cora\u00e7\u00e3o da Mata oferece uma experi\u00eancia de casamento \u00fanica e exclusiva que combina charme r\u00fastico, eleg\u00e2ncia natural e pr\u00e1ticas sustent\u00e1veis. Imagine dizer \u201csim\u201d rodeado pelas exuberantes paisagens de Brumadinho, com seus entes queridos reunidos [&hellip;]<\/p>","protected":false},"author":1,"featured_media":0,"parent":0,"menu_order":0,"comment_status":"closed","ping_status":"closed","template":"elementor_header_footer","meta":{"om_disable_all_campaigns":false,"_monsterinsights_skip_tracking":false,"_monsterinsights_sitenote_active":false,"_monsterinsights_sitenote_note":"","_monsterinsights_sitenote_category":0,"_joinchat":[],"footnotes":""},"class_list":["post-484","page","type-page","status-publish","hentry"],"blocksy_meta":[],"_links":{"self":[{"href":"https:\/\/ecovilacoracaodamata.com\/en\/wp-json\/wp\/v2\/pages\/484","targetHints":{"allow":["GET"]}}],"collection":[{"href":"https:\/\/ecovilacoracaodamata.com\/en\/wp-json\/wp\/v2\/pages"}],"about":[{"href":"https:\/\/ecovilacoracaodamata.com\/en\/wp-json\/wp\/v2\/types\/page"}],"author":[{"embeddable":true,"href":"https:\/\/ecovilacoracaodamata.com\/en\/wp-json\/wp\/v2\/users\/1"}],"replies":[{"embeddable":true,"href":"https:\/\/ecovilacoracaodamata.com\/en\/wp-json\/wp\/v2\/comments?post=484"}],"version-history":[{"count":63,"href":"https:\/\/ecovilacoracaodamata.com\/en\/wp-json\/wp\/v2\/pages\/484\/revisions"}],"predecessor-version":[{"id":1003,"href":"https:\/\/ecovilacoracaodamata.com\/en\/wp-json\/wp\/v2\/pages\/484\/revisions\/1003"}],"wp:attachment":[{"href":"https:\/\/ecovilacoracaodamata.com\/en\/wp-json\/wp\/v2\/media?parent=484"}],"curies":[{"name":"wp","href":"https:\/\/api.w.org\/{rel}","templated":true}]}}